{"id":18,"date":"2024-11-05T23:10:07","date_gmt":"2024-11-05T22:10:07","guid":{"rendered":"https:\/\/www.hair-natalie.at\/?page_id=18"},"modified":"2024-11-26T12:43:21","modified_gmt":"2024-11-26T11:43:21","slug":"hair-natalie","status":"publish","type":"page","link":"https:\/\/www.hair-natalie.at\/","title":{"rendered":"Home"},"content":{"rendered":"\n<h2 class=\"wp-block-heading has-text-align-center\"><strong>Hair-Natalie<\/strong><\/h2>\n\n\n\n<p class=\"has-text-align-center\"><\/p>\n\n\n\n<hr class=\"wp-block-separator has-alpha-channel-opacity\"\/>\n\n\n\n<h3 class=\"wp-block-heading has-text-align-center\" style=\"font-size:36px;line-height:1.4\"><strong>Hallo und herzlich willkommen bei Hair by Natalie!<\/strong><\/h3>\n\n\n\n<div class=\"wp-block-columns is-layout-flex wp-container-core-columns-is-layout-9d6595d7 wp-block-columns-is-layout-flex\">\n<div class=\"wp-block-column is-layout-flow wp-block-column-is-layout-flow\">\n<p class=\"has-text-align-center\" style=\"font-size:18px\">Ich bin als mobile Friseurin in Wien und Umgebung unterwegs und biete dir etwas ganz<br>Besonderes: individuelle Haarschnitte, Farben und Stylings \u2013 ganz nach deinen W\u00fcnschen<br>und bequem in deinem eigenen Umfeld.<\/p>\n<\/div>\n\n\n\n<div class=\"wp-block-column is-layout-flow wp-block-column-is-layout-flow\">\n<p class=\"has-text-align-center\" style=\"font-size:18px\">Nach einer l\u00e4ngeren Anstellung als Studioleiterin bei einem gro\u00dfen internationalen<br>Drogeriekonzern habe ich mich vor kurzem wieder f\u00fcr die Selbst\u00e4ndigkeit entschieden.<br>Daher bin ich momentan zeitlich und r\u00e4umlich flexibel und freue mich auf Deine Anfrage.<\/p>\n<\/div>\n<\/div>\n\n\n\n<div class=\"wp-block-columns is-layout-flex wp-container-core-columns-is-layout-9d6595d7 wp-block-columns-is-layout-flex\">\n<div class=\"wp-block-column is-layout-flow wp-block-column-is-layout-flow\">\n<div class=\"wp-block-essential-blocks-flipbox  root-eb-flipbox-nrykf\"><div class=\"eb-parent-wrapper eb-parent-eb-flipbox-nrykf \"><div class=\"eb-flipbox-container eb-flipbox-nrykf eb-flipbox-align-center eb-hover-mode\" data-id=\"eb-flipbox-nrykf\" data-flip-type=\"zoom-in\" data-flip-mode=\"hover\"><div class=\"eb-flipper zoom-in\"><div class=\"eb-flipbox-front\"><div class=\"eb-flipbox-items-container\"><div class=\"eb-flipbox-front-title-wrapper\"><h3 class=\"eb-flipbox-front-title\">Gew\u00e4hren Sie Ihren Haaren&#8230;<\/h3><\/div><\/div><\/div><div class=\"eb-flipbox-back\"><div class=\"eb-flipbox-items-container\"><div class=\"eb-flipbox-back-title-wrapper\"><h3 class=\"eb-flipbox-back-title\">Ein neues Leben!<\/h3><\/div><\/div><\/div><\/div><\/div><\/div><\/div>\n\n\n\n<div class=\"wp-block-columns is-layout-flex wp-container-core-columns-is-layout-9d6595d7 wp-block-columns-is-layout-flex\">\n<div class=\"wp-block-column has-small-font-size is-layout-flow wp-block-column-is-layout-flow\">\n<hr class=\"wp-block-separator has-alpha-channel-opacity\"\/>\n<\/div>\n\n\n\n<div class=\"wp-block-column is-layout-flow wp-block-column-is-layout-flow\">\n<hr class=\"wp-block-separator has-alpha-channel-opacity\"\/>\n<\/div>\n<\/div>\n\n\n\n<hr class=\"wp-block-separator has-alpha-channel-opacity is-style-dots\"\/>\n\n\n\n<div class=\"wp-block-cover alignfull has-parallax wp-duotone-rgb4448102-ffb23d-1\" style=\"margin-top:0;padding-top:4vw;padding-right:4vw;padding-bottom:4vw;padding-left:4vw;min-height:50vh;aspect-ratio:unset;\"><span aria-hidden=\"true\" class=\"wp-block-cover__background has-background-dim-90 has-background-dim\" style=\"background-color:#4d4f61\"><\/span><div class=\"wp-block-cover__image-background wp-image-268 has-parallax\" style=\"background-position:78% 34%;background-image:url(https:\/\/www.hair-natalie.at\/wp-content\/uploads\/2024\/11\/pexels-polina-tankilevitch-3738339-scaled.jpg)\"><\/div><div class=\"wp-block-cover__inner-container is-layout-flow wp-block-cover-is-layout-flow\">\n<div class=\"wp-block-group\"><div class=\"wp-block-group__inner-container is-layout-flow wp-block-group-is-layout-flow\">\n<p class=\"has-text-align-center has-text-color\" style=\"color:#fffaef;font-size:61px;font-style:normal;font-weight:700;letter-spacing:-2px;line-height:0.9;text-transform:capitalize\"><strong>Entdecken Sie Ihren neuen Stil!<\/strong><\/p>\n\n\n\n<div style=\"height:48px\" aria-hidden=\"true\" class=\"wp-block-spacer\"><\/div>\n\n\n\n<div class=\"wp-block-buttons is-content-justification-center is-layout-flex wp-container-core-buttons-is-layout-16018d1d wp-block-buttons-is-layout-flex\">\n<div class=\"wp-block-button has-custom-font-size\" style=\"font-size:20px;font-style:normal;font-weight:700;letter-spacing:1px;text-transform:uppercase\"><a class=\"wp-block-button__link has-text-color has-background wp-element-button\" href=\"https:\/\/www.hair-natalie.at\/?page_id=50\" style=\"color:#e7e7e7;background-color:#656674;padding-top:32px;padding-right:48px;padding-bottom:32px;padding-left:48px\">Auf Geht&#8217;s!<\/a><\/div>\n<\/div>\n<\/div><\/div>\n<\/div><\/div>\n<\/div>\n<\/div>\n\n\n\n<p>&nbsp;<\/p>\n\n\n\n<p><\/p>\n\n\n\n<div class=\"wp-block-group alignfull has-background-color has-white-color has-black-background-color has-text-color has-background has-link-color wp-elements-c0df5d0b5eb8bc81bfacc5d71e790248 is-vertical is-content-justification-stretch is-layout-flex wp-container-core-group-is-layout-47eb2bc5 wp-block-group-is-layout-flex\" style=\"min-height:40vh;margin-top:0;margin-bottom:0;padding-top:var(--wp--preset--spacing--60);padding-right:var(--wp--preset--spacing--40);padding-bottom:var(--wp--preset--spacing--60);padding-left:var(--wp--preset--spacing--40)\">\n<div class=\"wp-block-columns alignwide has-small-font-size is-layout-flex wp-container-core-columns-is-layout-9d6595d7 wp-block-columns-is-layout-flex\">\n<div class=\"wp-block-column is-layout-flow wp-block-column-is-layout-flow\">\n<p class=\"has-text-align-center\">Adresse<\/p>\n\n\n\n<p class=\"has-text-align-center\">Vorgartenstra\u00dfe 159\/1\/8&nbsp;<br>1020 Wien<br>\u00d6sterreich<\/p>\n\n\n\n<div style=\"height:24px\" aria-hidden=\"true\" class=\"wp-block-spacer\"><\/div>\n<\/div>\n\n\n\n<div class=\"wp-block-column is-layout-flow wp-block-column-is-layout-flow\">\n<p class=\"has-text-align-center\">Seiten<\/p>\n\n\n<nav class=\"has-small-font-size items-justified-center is-vertical no-wrap wp-block-navigation is-content-justification-center is-nowrap is-layout-flex wp-container-core-navigation-is-layout-685400d0 wp-block-navigation-is-layout-flex\" aria-label=\"Navigation\"><ul class=\"wp-block-navigation__container has-small-font-size items-justified-center is-vertical no-wrap wp-block-navigation has-small-font-size\"><li class=\"has-small-font-size wp-block-navigation-item wp-block-navigation-link\"><a class=\"wp-block-navigation-item__content\"  href=\"https:\/\/www.hair-natalie.at\/?page_id=130\"><span class=\"wp-block-navigation-item__label\">\u00dcber Mich<\/span><\/a><\/li><li class=\"has-small-font-size wp-block-navigation-item wp-block-navigation-link\"><a class=\"wp-block-navigation-item__content\"  href=\"https:\/\/www.hair-natalie.at\/?page_id=50\"><span class=\"wp-block-navigation-item__label\">Behandlungen und Preise<\/span><\/a><\/li><li class=\"has-small-font-size wp-block-navigation-item wp-block-navigation-link\"><a class=\"wp-block-navigation-item__content\"  href=\"https:\/\/www.hair-natalie.at\/\"><span class=\"wp-block-navigation-item__label\">Home<\/span><\/a><\/li><\/ul><\/nav>\n\n\n<div style=\"height:24px\" aria-hidden=\"true\" class=\"wp-block-spacer\"><\/div>\n<\/div>\n\n\n\n<div class=\"wp-block-column is-layout-flow wp-block-column-is-layout-flow\">\n<p class=\"has-text-align-center\">Social Media<\/p>\n\n\n\n<div class=\"wp-block-group is-vertical is-content-justification-center is-layout-flex wp-container-core-group-is-layout-bdd043ae wp-block-group-is-layout-flex\">\n<p><a href=\"#\">Facebook<\/a><\/p>\n\n\n\n<p><a href=\"#\">Instagram<\/a><\/p>\n\n\n\n<p><a href=\"#\">Twitter<\/a><\/p>\n<\/div>\n\n\n\n<div style=\"height:24px\" aria-hidden=\"true\" class=\"wp-block-spacer\"><\/div>\n<\/div>\n<\/div>\n\n\n\n<div class=\"wp-block-group alignwide is-content-justification-center is-layout-flex wp-container-core-group-is-layout-5590e8cb wp-block-group-is-layout-flex\">\n<p class=\"has-text-align-center has-small-font-size\"><\/p>\n<\/div>\n\n\n\n<p class=\"has-text-align-center\"><\/p>\n<\/div>\n\n\n\n<p><\/p>\n","protected":false},"excerpt":{"rendered":"<p>Hair-Natalie Hallo und herzlich willkommen bei Hair by Natalie! Ich bin als mobile Friseurin in Wien und Umgebung unterwegs und biete dir etwas ganzBesonderes: individuelle Haarschnitte, Farben und Stylings \u2013 ganz nach deinen W\u00fcnschenund bequem in deinem eigenen Umfeld. Nach einer l\u00e4ngeren Anstellung als Studioleiterin bei einem gro\u00dfen internationalenDrogeriekonzern habe ich mich vor kurzem wieder [&hellip;]<\/p>\n","protected":false},"author":2,"featured_media":0,"parent":0,"menu_order":0,"comment_status":"closed","ping_status":"closed","template":"","meta":{"_eb_attr":"","footnotes":""},"class_list":["post-18","page","type-page","status-publish","hentry"],"_links":{"self":[{"href":"https:\/\/www.hair-natalie.at\/index.php?rest_route=\/wp\/v2\/pages\/18","targetHints":{"allow":["GET"]}}],"collection":[{"href":"https:\/\/www.hair-natalie.at\/index.php?rest_route=\/wp\/v2\/pages"}],"about":[{"href":"https:\/\/www.hair-natalie.at\/index.php?rest_route=\/wp\/v2\/types\/page"}],"author":[{"embeddable":true,"href":"https:\/\/www.hair-natalie.at\/index.php?rest_route=\/wp\/v2\/users\/2"}],"replies":[{"embeddable":true,"href":"https:\/\/www.hair-natalie.at\/index.php?rest_route=%2Fwp%2Fv2%2Fcomments&post=18"}],"version-history":[{"count":66,"href":"https:\/\/www.hair-natalie.at\/index.php?rest_route=\/wp\/v2\/pages\/18\/revisions"}],"predecessor-version":[{"id":451,"href":"https:\/\/www.hair-natalie.at\/index.php?rest_route=\/wp\/v2\/pages\/18\/revisions\/451"}],"wp:attachment":[{"href":"https:\/\/www.hair-natalie.at\/index.php?rest_route=%2Fwp%2Fv2%2Fmedia&parent=18"}],"curies":[{"name":"wp","href":"https:\/\/api.w.org\/{rel}","templated":true}]}}