{"id":130,"date":"2024-11-17T13:41:20","date_gmt":"2024-11-17T12:41:20","guid":{"rendered":"https:\/\/www.hair-natalie.at\/?page_id=130"},"modified":"2024-11-17T22:57:55","modified_gmt":"2024-11-17T21:57:55","slug":"ueber-mich","status":"publish","type":"page","link":"https:\/\/www.hair-natalie.at\/?page_id=130","title":{"rendered":"\u00dcber Mich"},"content":{"rendered":"\n<hr class=\"wp-block-separator has-alpha-channel-opacity\"\/>\n\n\n\n<p class=\"has-text-align-center\">Hallo, mein Name ist <strong>Natalija Yossef<\/strong>. Nach meiner Lehre zur Stylistin 1995 habe ich in<br>verschiedenen Friseursalons in Wien gearbeitet und schnell Verantwortung \u00fcbernommen.<br>Schon nach kurzer Zeit durfte ich einen Salon einer gro\u00dfen Friseurkette leiten. Von 2010 bis<br>2019 betrieb ich mein eigenes Friseurstudio in Wien. Im Jahr 2015 wurde ich sogar als<br>freundlichster Friseurbetrieb im Wiener Bezirk Hernals ausgezeichnet.<br>2019 hat es mich dann nach M\u00f6dling verschlagen, wo ich bis 2024 ein Friseur- und<br>Kosmetikstudio einer internationalen Drogeriekette mit \u00fcber 15 Mitarbeitern geleitet habe.<br>In dieser aufregenden Zeit durfte ich auch angehende Friseurinnen bei ihrer Lehrausbildung<br>begleiten.<\/p>\n\n\n\n<hr class=\"wp-block-separator has-alpha-channel-opacity is-style-dots\"\/>\n\n\n\n<p class=\"has-text-align-center\"><br>Im Herbst 2024 ergab sich die M\u00f6glichkeit, mich wieder selbstst\u00e4ndig zu machen. Nun bin<br>ich als mobile Friseurin in Wien und Umgebung unterwegs.<br>Meinen Beruf \u00fcbe ich mit viel Freude, positiver Energie und stets mit einem guten Draht zu<br>meinen Kund:innen aus. Gerne stehe ich Privatpersonen und Unternehmen mit allen<br>Dienstleistungen rund ums Haar zur Verf\u00fcgung. Selbstverst\u00e4ndlich nehme ich mir Zeit, um<br>auf individuelle Vorstellungen und W\u00fcnsche einzugehen. Ich liebe es, andere Menschen mit<br>einem neuen Haarschnitt oder einer neuen Frisur\/Farbe gl\u00fccklich zu machen. Tagt\u00e4glich<br>erlebe ich die strahlenden Gesichter meiner gl\u00fccklichen Kund:innen.<br>Ich will meine Kund:innen bestens beraten und betreuen k\u00f6nnen, wenn es um ihre Haare<br>geht. Daf\u00fcr muss ich immer auf dem neuesten Stand sein und bilde mich deshalb st\u00e4ndig<br>weiter.<br><\/p>\n\n\n\n<div class=\"wp-block-group alignfull is-content-justification-center\" style=\"margin-top:0;margin-bottom:0\"><div class=\"wp-block-group__inner-container is-layout-constrained wp-block-group-is-layout-constrained\">\n<div style=\"height:var(--wp--preset--spacing--20)\" aria-hidden=\"true\" class=\"wp-block-spacer\"><\/div>\n\n\n\n<div class=\"wp-block-group alignwide\"><div class=\"wp-block-group__inner-container is-layout-flow wp-block-group-is-layout-flow\">\n<div class=\"wp-block-columns alignwide are-vertically-aligned-top is-layout-flex wp-container-core-columns-is-layout-ac3ebc3b wp-block-columns-is-layout-flex\">\n<div class=\"wp-block-column is-vertically-aligned-top is-content-justification-left is-layout-constrained wp-container-core-column-is-layout-02d07192 wp-block-column-is-layout-constrained\">\n<blockquote class=\"wp-block-quote has-text-align-left is-layout-flow wp-block-quote-is-layout-flow\">\n<h4 class=\"wp-block-heading has-text-align-center\"><em>Wenn Friseurhandwerk zum Leben erwacht!<\/em><\/h4>\n<\/blockquote>\n<\/div>\n\n\n\n<div class=\"wp-block-column is-layout-flow wp-block-column-is-layout-flow\">\n<hr class=\"wp-block-separator has-alpha-channel-opacity\"\/>\n<\/div>\n\n\n\n<div class=\"wp-block-column is-vertically-aligned-top is-layout-flow wp-block-column-is-layout-flow\" style=\"flex-basis:40%\">\n<p>Ein guter Haarschnitt ist der halbe Weg zu einem harmonischen Alltag.<\/p>\n\n\n\n<p>Finden Sie die perfekte Behandlung f\u00fcr Sie:<\/p>\n\n\n\n<div class=\"wp-block-buttons is-layout-flex wp-block-buttons-is-layout-flex\">\n<div class=\"wp-block-button\"><a class=\"wp-block-button__link wp-element-button\" href=\"https:\/\/www.hair-natalie.at\/?page_id=50\">Behandlungen und Preise<\/a><\/div>\n<\/div>\n<\/div>\n<\/div>\n\n\n\n<div style=\"height:72px\" aria-hidden=\"true\" class=\"wp-block-spacer\"><\/div>\n\n\n\n<figure class=\"wp-block-image size-large is-style-rounded\"><img fetchpriority=\"high\" decoding=\"async\" width=\"1024\" height=\"683\" src=\"https:\/\/www.hair-natalie.at\/wp-content\/uploads\/2024\/11\/pexels-nickoloui-1319460-1024x683.jpg\" alt=\"\" class=\"wp-image-191\" style=\"aspect-ratio:16\/9;object-fit:cover\" srcset=\"https:\/\/www.hair-natalie.at\/wp-content\/uploads\/2024\/11\/pexels-nickoloui-1319460-1024x683.jpg 1024w, https:\/\/www.hair-natalie.at\/wp-content\/uploads\/2024\/11\/pexels-nickoloui-1319460-300x200.jpg 300w, https:\/\/www.hair-natalie.at\/wp-content\/uploads\/2024\/11\/pexels-nickoloui-1319460-768x512.jpg 768w, https:\/\/www.hair-natalie.at\/wp-content\/uploads\/2024\/11\/pexels-nickoloui-1319460-1536x1024.jpg 1536w, https:\/\/www.hair-natalie.at\/wp-content\/uploads\/2024\/11\/pexels-nickoloui-1319460-2048x1365.jpg 2048w\" sizes=\"(max-width: 1024px) 100vw, 1024px\" \/><\/figure>\n<\/div><\/div>\n\n\n\n<div style=\"height:var(--wp--preset--spacing--20)\" aria-hidden=\"true\" class=\"wp-block-spacer\"><\/div>\n<\/div><\/div>\n\n\n\n<hr class=\"wp-block-separator has-alpha-channel-opacity\"\/>\n\n\n\n<p class=\"has-text-align-center\">Du erreichst mich entweder telefonisch unter <mark style=\"background-color:rgba(0, 0, 0, 0)\" class=\"has-inline-color has-pale-cyan-blue-color\">+43 676 620 22 22<\/mark> oder per E-Mail unter<br><mark style=\"background-color:rgba(0, 0, 0, 0)\" class=\"has-inline-color has-pale-cyan-blue-color\">info@hair-natalie.at<\/mark>.<br>Ich freue mich auf deine Anfrage!<\/p>\n\n\n\n<p class=\"has-text-align-center\"><strong><em>Natalie<\/em><\/strong><br><\/p>\n\n\n\n<hr class=\"wp-block-separator has-alpha-channel-opacity\"\/>\n\n\n\n<div class=\"wp-block-group alignfull has-background-color has-white-color has-black-background-color has-text-color has-background has-link-color wp-elements-c0df5d0b5eb8bc81bfacc5d71e790248 is-vertical is-content-justification-stretch is-layout-flex wp-container-core-group-is-layout-47eb2bc5 wp-block-group-is-layout-flex\" style=\"min-height:40vh;margin-top:0;margin-bottom:0;padding-top:var(--wp--preset--spacing--60);padding-right:var(--wp--preset--spacing--40);padding-bottom:var(--wp--preset--spacing--60);padding-left:var(--wp--preset--spacing--40)\">\n<div class=\"wp-block-columns alignwide has-small-font-size is-layout-flex wp-container-core-columns-is-layout-9d6595d7 wp-block-columns-is-layout-flex\">\n<div class=\"wp-block-column is-layout-flow wp-block-column-is-layout-flow\">\n<p class=\"has-text-align-center\">Adresse<\/p>\n\n\n\n<p class=\"has-text-align-center\">Vorgartenstra\u00dfe 159\/1\/8&nbsp;<br>1020 Wien<br>\u00d6sterreich<\/p>\n\n\n\n<div style=\"height:24px\" aria-hidden=\"true\" class=\"wp-block-spacer\"><\/div>\n<\/div>\n\n\n\n<div class=\"wp-block-column is-layout-flow wp-block-column-is-layout-flow\">\n<p class=\"has-text-align-center\">Seiten<\/p>\n\n\n<nav class=\"has-small-font-size items-justified-center is-vertical no-wrap wp-block-navigation is-content-justification-center is-nowrap is-layout-flex wp-container-core-navigation-is-layout-685400d0 wp-block-navigation-is-layout-flex\" aria-label=\"Navigation\"><ul class=\"wp-block-navigation__container has-small-font-size items-justified-center is-vertical no-wrap wp-block-navigation has-small-font-size\"><li class=\"has-small-font-size wp-block-navigation-item wp-block-navigation-link\"><a class=\"wp-block-navigation-item__content\"  href=\"https:\/\/www.hair-natalie.at\/?page_id=130\"><span class=\"wp-block-navigation-item__label\">\u00dcber Mich<\/span><\/a><\/li><li class=\"has-small-font-size wp-block-navigation-item wp-block-navigation-link\"><a class=\"wp-block-navigation-item__content\"  href=\"https:\/\/www.hair-natalie.at\/?page_id=50\"><span class=\"wp-block-navigation-item__label\">Behandlungen und Preise<\/span><\/a><\/li><li class=\"has-small-font-size wp-block-navigation-item wp-block-navigation-link\"><a class=\"wp-block-navigation-item__content\"  href=\"https:\/\/www.hair-natalie.at\/\"><span class=\"wp-block-navigation-item__label\">Home<\/span><\/a><\/li><\/ul><\/nav>\n\n\n<div style=\"height:24px\" aria-hidden=\"true\" class=\"wp-block-spacer\"><\/div>\n<\/div>\n\n\n\n<div class=\"wp-block-column is-layout-flow wp-block-column-is-layout-flow\">\n<p class=\"has-text-align-center\">Social Media<\/p>\n\n\n\n<div class=\"wp-block-group is-vertical is-content-justification-center is-layout-flex wp-container-core-group-is-layout-bdd043ae wp-block-group-is-layout-flex\">\n<p><a href=\"#\">Facebook<\/a><\/p>\n\n\n\n<p><a href=\"#\">Instagram<\/a><\/p>\n\n\n\n<p><a href=\"#\">Twitter<\/a><\/p>\n<\/div>\n\n\n\n<div style=\"height:24px\" aria-hidden=\"true\" class=\"wp-block-spacer\"><\/div>\n<\/div>\n<\/div>\n\n\n\n<div class=\"wp-block-group alignwide is-content-justification-center is-layout-flex wp-container-core-group-is-layout-5590e8cb wp-block-group-is-layout-flex\">\n<p class=\"has-text-align-center has-small-font-size\"><\/p>\n<\/div>\n\n\n\n<p class=\"has-text-align-center\"><\/p>\n<\/div>\n\n\n\n<p><\/p>\n","protected":false},"excerpt":{"rendered":"<p>Hallo, mein Name ist Natalija Yossef. Nach meiner Lehre zur Stylistin 1995 habe ich inverschiedenen Friseursalons in Wien gearbeitet und schnell Verantwortung \u00fcbernommen.Schon nach kurzer Zeit durfte ich einen Salon einer gro\u00dfen Friseurkette leiten. Von 2010 bis2019 betrieb ich mein eigenes Friseurstudio in Wien. Im Jahr 2015 wurde ich sogar alsfreundlichster Friseurbetrieb im Wiener Bezirk [&hellip;]<\/p>\n","protected":false},"author":2,"featured_media":0,"parent":0,"menu_order":0,"comment_status":"closed","ping_status":"closed","template":"","meta":{"_eb_attr":"","footnotes":""},"class_list":["post-130","page","type-page","status-publish","hentry"],"_links":{"self":[{"href":"https:\/\/www.hair-natalie.at\/index.php?rest_route=\/wp\/v2\/pages\/130","targetHints":{"allow":["GET"]}}],"collection":[{"href":"https:\/\/www.hair-natalie.at\/index.php?rest_route=\/wp\/v2\/pages"}],"about":[{"href":"https:\/\/www.hair-natalie.at\/index.php?rest_route=\/wp\/v2\/types\/page"}],"author":[{"embeddable":true,"href":"https:\/\/www.hair-natalie.at\/index.php?rest_route=\/wp\/v2\/users\/2"}],"replies":[{"embeddable":true,"href":"https:\/\/www.hair-natalie.at\/index.php?rest_route=%2Fwp%2Fv2%2Fcomments&post=130"}],"version-history":[{"count":29,"href":"https:\/\/www.hair-natalie.at\/index.php?rest_route=\/wp\/v2\/pages\/130\/revisions"}],"predecessor-version":[{"id":359,"href":"https:\/\/www.hair-natalie.at\/index.php?rest_route=\/wp\/v2\/pages\/130\/revisions\/359"}],"wp:attachment":[{"href":"https:\/\/www.hair-natalie.at\/index.php?rest_route=%2Fwp%2Fv2%2Fmedia&parent=130"}],"curies":[{"name":"wp","href":"https:\/\/api.w.org\/{rel}","templated":true}]}}